{"id":551,"date":"2020-10-29T11:47:16","date_gmt":"2020-10-29T10:47:16","guid":{"rendered":"https:\/\/www.kanzlei-kohn.de\/impressum"},"modified":"2025-12-16T15:35:53","modified_gmt":"2025-12-16T14:35:53","slug":"impressum","status":"publish","type":"page","link":"https:\/\/www.kanzlei-kohn.de\/de\/impressum","title":{"rendered":"Impressum"},"content":{"rendered":"\t\t<div data-elementor-type=\"wp-page\" data-elementor-id=\"551\" class=\"elementor elementor-551 elementor-30\" data-elementor-post-type=\"page\">\n\t\t\t\t\t\t<section class=\"elementor-section elementor-top-section elementor-element elementor-element-3cbcdb3a elementor-section-boxed elementor-section-height-default elementor-section-height-default\" data-id=\"3cbcdb3a\" data-element_type=\"section\" data-e-type=\"section\">\n\t\t\t\t\t\t<div class=\"elementor-container elementor-column-gap-default\">\n\t\t\t\t\t<div class=\"elementor-column elementor-col-100 elementor-top-column elementor-element elementor-element-1f5fb70f\" data-id=\"1f5fb70f\" data-element_type=\"column\" data-e-type=\"column\">\n\t\t\t<div class=\"elementor-widget-wrap elementor-element-populated\">\n\t\t\t\t\t\t<div class=\"elementor-element elementor-element-190bfdc0 elementor-widget elementor-widget-heading\" data-id=\"190bfdc0\" data-element_type=\"widget\" data-e-type=\"widget\" data-widget_type=\"heading.default\">\n\t\t\t\t<div class=\"elementor-widget-container\">\n\t\t\t\t\t<h1 class=\"elementor-heading-title elementor-size-default\">Impressum<\/h1>\t\t\t\t<\/div>\n\t\t\t\t<\/div>\n\t\t\t\t<div class=\"elementor-element elementor-element-4af71136 elementor-widget-divider--view-line elementor-widget elementor-widget-divider\" data-id=\"4af71136\" data-element_type=\"widget\" data-e-type=\"widget\" data-widget_type=\"divider.default\">\n\t\t\t\t<div class=\"elementor-widget-container\">\n\t\t\t\t\t\t\t<div class=\"elementor-divider\">\n\t\t\t<span class=\"elementor-divider-separator\">\n\t\t\t\t\t\t<\/span>\n\t\t<\/div>\n\t\t\t\t\t\t<\/div>\n\t\t\t\t<\/div>\n\t\t\t\t<div class=\"elementor-element elementor-element-35c69266 elementor-widget elementor-widget-text-editor\" data-id=\"35c69266\" data-element_type=\"widget\" data-e-type=\"widget\" data-widget_type=\"text-editor.default\">\n\t\t\t\t<div class=\"elementor-widget-container\">\n\t\t\t\t\t\t\t\t\t<h2>Kontakt<\/h2><p>Moritz Kohn<br \/>Ferdinand-Happ-Str. 14 B<br \/>60314 Frankfurt am Main<br \/>Germany<\/p><p>Tel.: <a href=\"tel:+49 (0) 69 34875480\">+49 (0) 69 34875480<\/a><br \/>E-Mail: <a href=\"mailto:info@kanzlei-kohn.de\">info@kanzlei-kohn.de<\/a><\/p><h2>Umsatzsteueridentifikationsnummer<\/h2><p>DE327192562<\/p><h2>Berufsbezeichnung und berufsrechtliche Regelungen<\/h2><p>Die gesetzliche Berufsbezeichnung lautet Rechtsanwalt. Die Berufsbezeichnung wurde in der Bundesrepublik Deutschland verliehen.<br \/>F\u00fcr die T\u00e4tigkeit von Rechtsanw\u00e4lten gelten die Bundesrechtsanwaltsordnung (BRAO), das Rechtsanwaltsverg\u00fctungsgesetz (RVG) und die Berufsordnung f\u00fcr Rechtsanw\u00e4lte (BORA), die Fachanwaltsordnung (FAO) sowie die Berufsregelungen der Rechtsanw\u00e4lte der Europ\u00e4ischen Union.<br \/>Die aktuellen Gesetzestexte sind auf der Website der Bundesrechtsanwaltskammer abrufbar: <a href=\"https:\/\/brak.de\/\" target=\"_blank\" rel=\"noopener\">www.brak.de<\/a><\/p><h2>Zust\u00e4ndige Aufsichtsbeh\u00f6rde und Kammer<\/h2><p>Rechtsanwalt Moritz Kohn ist Mitglied der Rechtsanwaltskammer Frankfurt, diese ist auch die zust\u00e4ndige Aufsichtsbeh\u00f6rde.<br \/>Rechtsanwaltskammer Frankfurt am Main<br \/>Bockenheimer Anlage 36<br \/>60322 Frankfurt am Main<br \/>Germany<br \/>Tel.: 069\/170098-01<br \/>Fax: 069\/170098-50<br \/>E-Mail: <a href=\"mailto:info@rak-ffm.de\">info@rak-ffm.de<\/a><\/p><h2>Berufshaftpflichtversicherung<\/h2><p>Der Rechtsanwalt unterh\u00e4lt eine Berufshaftpflichtversicherung bei R+V Allgemeine Versicherung AG, Voltastrasse 84, 60486 Frankfurt am Main, Germany. Der Geltungsbereich ist die Bundesrepublik Deutschland, die Mitgliedsstaaten der Europ\u00e4ischen Union sowie die T\u00fcrkei.<\/p><h2>Verantwortlicher i.S.d. \u00a7 55 Abs. 2 RStV f\u00fcr die journalistisch-redaktionellen Inhalte<\/h2><p>Moritz Kohn, Adresse wie oben<\/p><h2>Hinweis gem. \u00a7 36 VSBG<\/h2><p>Rechtsanwalt Moritz Kohn wird nicht an einem Streitbeilegungsverfahren vor einer Verbraucherschlichtungsstelle teilnehmen und ist hierzu auch nicht verpflichtet.<\/p><p>Die zust\u00e4ndige Verbraucherschlichtungsstelle f\u00fcr verm\u00f6gensrechtliche Streitigkeiten aus dem Mandatsverh\u00e4ltnis ist die Schlichtungsstelle der Rechtsanwaltschaft, Rauchstra\u00dfe 26, 10787 Berlin.<\/p>\t\t\t\t\t\t\t\t<\/div>\n\t\t\t\t<\/div>\n\t\t\t\t<div class=\"elementor-element elementor-element-26d47ea elementor-widget elementor-widget-text-editor\" data-id=\"26d47ea\" data-element_type=\"widget\" data-e-type=\"widget\" data-widget_type=\"text-editor.default\">\n\t\t\t\t<div class=\"elementor-widget-container\">\n\t\t\t\t\t\t\t\t\t<p>Web-Design und technische Umsetzung von <a href=\"https:\/\/timgomoluch.de\/\" target=\"_blank\" rel=\"noopener\">Tim Gomoluch Online-Marketing<\/a>.<\/p>\n\t\t\t\t\t\t\t\t<\/div>\n\t\t\t\t<\/div>\n\t\t\t\t\t<\/div>\n\t\t<\/div>\n\t\t\t\t\t<\/div>\n\t\t<\/section>\n\t\t\t\t<\/div>\n\t\t","protected":false},"excerpt":{"rendered":"<p>Impressum Kontakt Moritz KohnFerdinand-Happ-Str. 14 B60314 Frankfurt am MainGermany Tel.: +49 (0) 69 34875480E-Mail: info@kanzlei-kohn.de Umsatzsteueridentifikationsnummer DE327192562 Berufsbezeichnung und berufsrechtliche Regelungen Die gesetzliche Berufsbezeichnung lautet Rechtsanwalt. Die Berufsbezeichnung wurde in der Bundesrepublik Deutschland verliehen.F\u00fcr die T\u00e4tigkeit von Rechtsanw\u00e4lten gelten die Bundesrechtsanwaltsordnung (BRAO), das Rechtsanwaltsverg\u00fctungsgesetz (RVG) und die Berufsordnung f\u00fcr Rechtsanw\u00e4lte (BORA), die Fachanwaltsordnung (FAO) sowie [&hellip;]<\/p>\n","protected":false},"author":2,"featured_media":0,"parent":0,"menu_order":0,"comment_status":"closed","ping_status":"closed","template":"","meta":{"footnotes":""},"class_list":["post-551","page","type-page","status-publish","hentry"],"yoast_head":"<!-- This site is optimized with the Yoast SEO plugin v27.3 - https:\/\/yoast.com\/product\/yoast-seo-wordpress\/ -->\n<title>Impressum \u2013 Kanzlei Moritz Kohn<\/title>\n<meta name=\"description\" content=\"Das Impressum der Rechtsanwaltskanzlei Moritz Kohn aus Frankfurt am Main. Alle Informationen finden Sie hier.\" \/>\n<meta name=\"robots\" content=\"index, follow, max-snippet:-1, max-image-preview:large, max-video-preview:-1\" \/>\n<link rel=\"canonical\" href=\"https:\/\/www.kanzlei-kohn.de\/de\/impressum\" \/>\n<meta property=\"og:locale\" content=\"de_DE\" \/>\n<meta property=\"og:type\" content=\"article\" \/>\n<meta property=\"og:title\" content=\"Impressum \u2013 Kanzlei Moritz Kohn\" \/>\n<meta property=\"og:description\" content=\"Das Impressum der Rechtsanwaltskanzlei Moritz Kohn aus Frankfurt am Main. Alle Informationen finden Sie hier.\" \/>\n<meta property=\"og:url\" content=\"https:\/\/www.kanzlei-kohn.de\/de\/impressum\" \/>\n<meta property=\"og:site_name\" content=\"Kanzlei Moritz Kohn\" \/>\n<meta property=\"article:modified_time\" content=\"2025-12-16T14:35:53+00:00\" \/>\n<meta name=\"twitter:card\" content=\"summary_large_image\" \/>\n<meta name=\"twitter:label1\" content=\"Gesch\u00e4tzte Lesezeit\" \/>\n\t<meta name=\"twitter:data1\" content=\"2\u00a0Minuten\" \/>\n<script type=\"application\/ld+json\" class=\"yoast-schema-graph\">{\"@context\":\"https:\\\/\\\/schema.org\",\"@graph\":[{\"@type\":\"WebPage\",\"@id\":\"https:\\\/\\\/www.kanzlei-kohn.de\\\/de\\\/impressum\",\"url\":\"https:\\\/\\\/www.kanzlei-kohn.de\\\/de\\\/impressum\",\"name\":\"Impressum \u2013 Kanzlei Moritz Kohn\",\"isPartOf\":{\"@id\":\"https:\\\/\\\/www.kanzlei-kohn.de\\\/de#website\"},\"datePublished\":\"2020-10-29T10:47:16+00:00\",\"dateModified\":\"2025-12-16T14:35:53+00:00\",\"description\":\"Das Impressum der Rechtsanwaltskanzlei Moritz Kohn aus Frankfurt am Main. Alle Informationen finden Sie hier.\",\"breadcrumb\":{\"@id\":\"https:\\\/\\\/www.kanzlei-kohn.de\\\/de\\\/impressum#breadcrumb\"},\"inLanguage\":\"de\",\"potentialAction\":[{\"@type\":\"ReadAction\",\"target\":[\"https:\\\/\\\/www.kanzlei-kohn.de\\\/de\\\/impressum\"]}]},{\"@type\":\"BreadcrumbList\",\"@id\":\"https:\\\/\\\/www.kanzlei-kohn.de\\\/de\\\/impressum#breadcrumb\",\"itemListElement\":[{\"@type\":\"ListItem\",\"position\":1,\"name\":\"Startseite\",\"item\":\"https:\\\/\\\/www.kanzlei-kohn.de\\\/de\"},{\"@type\":\"ListItem\",\"position\":2,\"name\":\"Impressum\"}]},{\"@type\":\"WebSite\",\"@id\":\"https:\\\/\\\/www.kanzlei-kohn.de\\\/de#website\",\"url\":\"https:\\\/\\\/www.kanzlei-kohn.de\\\/de\",\"name\":\"Kanzlei Moritz Kohn\",\"description\":\"Rechtsanwalt Moritz Kohn in Frankfurt am Main\",\"publisher\":{\"@id\":\"https:\\\/\\\/www.kanzlei-kohn.de\\\/de#organization\"},\"potentialAction\":[{\"@type\":\"SearchAction\",\"target\":{\"@type\":\"EntryPoint\",\"urlTemplate\":\"https:\\\/\\\/www.kanzlei-kohn.de\\\/de?s={search_term_string}\"},\"query-input\":{\"@type\":\"PropertyValueSpecification\",\"valueRequired\":true,\"valueName\":\"search_term_string\"}}],\"inLanguage\":\"de\"},{\"@type\":\"Organization\",\"@id\":\"https:\\\/\\\/www.kanzlei-kohn.de\\\/de#organization\",\"name\":\"Kanzlei Moritz Kohn\",\"url\":\"https:\\\/\\\/www.kanzlei-kohn.de\\\/de\",\"logo\":{\"@type\":\"ImageObject\",\"inLanguage\":\"de\",\"@id\":\"https:\\\/\\\/www.kanzlei-kohn.de\\\/de#\\\/schema\\\/logo\\\/image\\\/\",\"url\":\"https:\\\/\\\/www.kanzlei-kohn.de\\\/wp-content\\\/uploads\\\/2020\\\/11\\\/Logo-Kanzlei-Moritz-Kohn-Blue.png\",\"contentUrl\":\"https:\\\/\\\/www.kanzlei-kohn.de\\\/wp-content\\\/uploads\\\/2020\\\/11\\\/Logo-Kanzlei-Moritz-Kohn-Blue.png\",\"width\":1051,\"height\":700,\"caption\":\"Kanzlei Moritz Kohn\"},\"image\":{\"@id\":\"https:\\\/\\\/www.kanzlei-kohn.de\\\/de#\\\/schema\\\/logo\\\/image\\\/\"}}]}<\/script>\n<!-- \/ Yoast SEO plugin. -->","yoast_head_json":{"title":"Impressum \u2013 Kanzlei Moritz Kohn","description":"Das Impressum der Rechtsanwaltskanzlei Moritz Kohn aus Frankfurt am Main. Alle Informationen finden Sie hier.","robots":{"index":"index","follow":"follow","max-snippet":"max-snippet:-1","max-image-preview":"max-image-preview:large","max-video-preview":"max-video-preview:-1"},"canonical":"https:\/\/www.kanzlei-kohn.de\/de\/impressum","og_locale":"de_DE","og_type":"article","og_title":"Impressum \u2013 Kanzlei Moritz Kohn","og_description":"Das Impressum der Rechtsanwaltskanzlei Moritz Kohn aus Frankfurt am Main. Alle Informationen finden Sie hier.","og_url":"https:\/\/www.kanzlei-kohn.de\/de\/impressum","og_site_name":"Kanzlei Moritz Kohn","article_modified_time":"2025-12-16T14:35:53+00:00","twitter_card":"summary_large_image","twitter_misc":{"Gesch\u00e4tzte Lesezeit":"2\u00a0Minuten"},"schema":{"@context":"https:\/\/schema.org","@graph":[{"@type":"WebPage","@id":"https:\/\/www.kanzlei-kohn.de\/de\/impressum","url":"https:\/\/www.kanzlei-kohn.de\/de\/impressum","name":"Impressum \u2013 Kanzlei Moritz Kohn","isPartOf":{"@id":"https:\/\/www.kanzlei-kohn.de\/de#website"},"datePublished":"2020-10-29T10:47:16+00:00","dateModified":"2025-12-16T14:35:53+00:00","description":"Das Impressum der Rechtsanwaltskanzlei Moritz Kohn aus Frankfurt am Main. Alle Informationen finden Sie hier.","breadcrumb":{"@id":"https:\/\/www.kanzlei-kohn.de\/de\/impressum#breadcrumb"},"inLanguage":"de","potentialAction":[{"@type":"ReadAction","target":["https:\/\/www.kanzlei-kohn.de\/de\/impressum"]}]},{"@type":"BreadcrumbList","@id":"https:\/\/www.kanzlei-kohn.de\/de\/impressum#breadcrumb","itemListElement":[{"@type":"ListItem","position":1,"name":"Startseite","item":"https:\/\/www.kanzlei-kohn.de\/de"},{"@type":"ListItem","position":2,"name":"Impressum"}]},{"@type":"WebSite","@id":"https:\/\/www.kanzlei-kohn.de\/de#website","url":"https:\/\/www.kanzlei-kohn.de\/de","name":"Kanzlei Moritz Kohn","description":"Rechtsanwalt Moritz Kohn in Frankfurt am Main","publisher":{"@id":"https:\/\/www.kanzlei-kohn.de\/de#organization"},"potentialAction":[{"@type":"SearchAction","target":{"@type":"EntryPoint","urlTemplate":"https:\/\/www.kanzlei-kohn.de\/de?s={search_term_string}"},"query-input":{"@type":"PropertyValueSpecification","valueRequired":true,"valueName":"search_term_string"}}],"inLanguage":"de"},{"@type":"Organization","@id":"https:\/\/www.kanzlei-kohn.de\/de#organization","name":"Kanzlei Moritz Kohn","url":"https:\/\/www.kanzlei-kohn.de\/de","logo":{"@type":"ImageObject","inLanguage":"de","@id":"https:\/\/www.kanzlei-kohn.de\/de#\/schema\/logo\/image\/","url":"https:\/\/www.kanzlei-kohn.de\/wp-content\/uploads\/2020\/11\/Logo-Kanzlei-Moritz-Kohn-Blue.png","contentUrl":"https:\/\/www.kanzlei-kohn.de\/wp-content\/uploads\/2020\/11\/Logo-Kanzlei-Moritz-Kohn-Blue.png","width":1051,"height":700,"caption":"Kanzlei Moritz Kohn"},"image":{"@id":"https:\/\/www.kanzlei-kohn.de\/de#\/schema\/logo\/image\/"}}]}},"_links":{"self":[{"href":"https:\/\/www.kanzlei-kohn.de\/de\/wp-json\/wp\/v2\/pages\/551","targetHints":{"allow":["GET"]}}],"collection":[{"href":"https:\/\/www.kanzlei-kohn.de\/de\/wp-json\/wp\/v2\/pages"}],"about":[{"href":"https:\/\/www.kanzlei-kohn.de\/de\/wp-json\/wp\/v2\/types\/page"}],"author":[{"embeddable":true,"href":"https:\/\/www.kanzlei-kohn.de\/de\/wp-json\/wp\/v2\/users\/2"}],"replies":[{"embeddable":true,"href":"https:\/\/www.kanzlei-kohn.de\/de\/wp-json\/wp\/v2\/comments?post=551"}],"version-history":[{"count":9,"href":"https:\/\/www.kanzlei-kohn.de\/de\/wp-json\/wp\/v2\/pages\/551\/revisions"}],"predecessor-version":[{"id":891,"href":"https:\/\/www.kanzlei-kohn.de\/de\/wp-json\/wp\/v2\/pages\/551\/revisions\/891"}],"wp:attachment":[{"href":"https:\/\/www.kanzlei-kohn.de\/de\/wp-json\/wp\/v2\/media?parent=551"}],"curies":[{"name":"wp","href":"https:\/\/api.w.org\/{rel}","templated":true}]}}